{"id":190,"date":"2013-10-04T13:16:36","date_gmt":"2013-10-04T13:16:36","guid":{"rendered":"http:\/\/dpv.lt\/?page_id=190"},"modified":"2013-10-06T15:52:28","modified_gmt":"2013-10-06T15:52:28","slug":"home","status":"publish","type":"page","link":"https:\/\/dpv.lt\/","title":{"rendered":"APIE MUS"},"content":{"rendered":"<p>UAB \u201eDPV\u201c prad\u0117jo vykdyti savo veikl\u0105 2007 metais. Prad\u017eioje teik\u0117me  miniekskavatori\u0173 nuomos ir paradvim\u0173 paslaugas. Per pastarosius kelerius metus mus\u0173 si\u016blomos technikos asortimentas \u017eenkliai padid\u0117jo, o taip pat mes prad\u0117jom teikti ir kitas paslaugas, tokias kaip HATZ ir Lombardini varikli\u0173 taisymas, vis\u0173 r\u016b\u0161i\u0173 vibro plok\u0161\u010di\u0173 ir vibro vol\u0173 taisymas. Nuo 2011 met\u0173, \u012fvertinus m\u016bs\u0173 Klient\u0173 poreikius, spar\u010diai prad\u0117jome vystyti prekyb\u0105 naujomis ir naudotomis statybin\u0117s technikos dalimis.<br \/>\n\u0160iuo metu m\u016bs\u0173 pagrindinis tikslas, tai ne tik teikti kokybi\u0161k\u0105 aptarnavim\u0105 m\u016bs\u0173 nuolatiniams Klientams, bet ir nauj\u0173 rink\u0173 paie\u0161ka, naujos perspektyvos, tod\u0117l kad tai kas nauja \u2013 tai visuomet \u012fdomu, o b\u016btent susidom\u0117jimas tuo k\u0105 tu darai tai yra tiesus kelias \u012f s\u0117km\u0119!<\/p>\n","protected":false},"excerpt":{"rendered":"<p>UAB \u201eDPV\u201c prad\u0117jo vykdyti savo veikl\u0105 2007 metais. Prad\u017eioje teik\u0117me miniekskavatori\u0173 nuomos ir paradvim\u0173 paslaugas. Per pastarosius kelerius metus mus\u0173 si\u016blomos technikos asortimentas \u017eenkliai padid\u0117jo, o taip pat mes prad\u0117jom [&hellip;]<\/p>\n","protected":false},"author":1,"featured_media":0,"parent":0,"menu_order":0,"comment_status":"closed","ping_status":"closed","template":"","meta":{"footnotes":""},"class_list":["post-190","page","type-page","status-publish","hentry"],"_links":{"self":[{"href":"https:\/\/dpv.lt\/index.php?rest_route=\/wp\/v2\/pages\/190","targetHints":{"allow":["GET"]}}],"collection":[{"href":"https:\/\/dpv.lt\/index.php?rest_route=\/wp\/v2\/pages"}],"about":[{"href":"https:\/\/dpv.lt\/index.php?rest_route=\/wp\/v2\/types\/page"}],"author":[{"embeddable":true,"href":"https:\/\/dpv.lt\/index.php?rest_route=\/wp\/v2\/users\/1"}],"replies":[{"embeddable":true,"href":"https:\/\/dpv.lt\/index.php?rest_route=%2Fwp%2Fv2%2Fcomments&post=190"}],"version-history":[{"count":10,"href":"https:\/\/dpv.lt\/index.php?rest_route=\/wp\/v2\/pages\/190\/revisions"}],"predecessor-version":[{"id":486,"href":"https:\/\/dpv.lt\/index.php?rest_route=\/wp\/v2\/pages\/190\/revisions\/486"}],"wp:attachment":[{"href":"https:\/\/dpv.lt\/index.php?rest_route=%2Fwp%2Fv2%2Fmedia&parent=190"}],"curies":[{"name":"wp","href":"https:\/\/api.w.org\/{rel}","templated":true}]}}